{"id":4497,"date":"2023-10-25T15:59:55","date_gmt":"2023-10-25T13:59:55","guid":{"rendered":"https:\/\/test.ela-event.com\/?page_id=4497"},"modified":"2023-11-27T10:56:36","modified_gmt":"2023-11-27T09:56:36","slug":"home","status":"publish","type":"page","link":"https:\/\/test.ela-event.com\/en\/","title":{"rendered":"Home"},"content":{"rendered":"<p>[et_pb_section fb_built=&#8221;1&#8243; _builder_version=&#8221;4.16&#8243; custom_padding=&#8221;||0px|||&#8221; global_colors_info=&#8221;{}&#8221;][et_pb_row _builder_version=&#8221;4.16&#8243; custom_padding=&#8221;||0px|||&#8221; global_colors_info=&#8221;{}&#8221;][et_pb_column type=&#8221;4_4&#8243; _builder_version=&#8221;4.16&#8243; global_colors_info=&#8221;{}&#8221;][et_pb_post_slider posts_number=&#8221;3&#8243; include_categories=&#8221;all&#8221; show_more_button=&#8221;off&#8221; use_manual_excerpt=&#8221;off&#8221; excerpt_length=&#8221;0&#8243; show_meta=&#8221;off&#8221; _builder_version=&#8221;4.23&#8243; _module_preset=&#8221;default&#8221; header_level=&#8221;h1&#8243; animation_style=&#8221;fade&#8221; auto=&#8221;on&#8221; auto_speed=&#8221;3000&#8243; global_colors_info=&#8221;{}&#8221;][\/et_pb_post_slider][\/et_pb_column][\/et_pb_row][et_pb_row column_structure=&#8221;1_2,1_2&#8243; _builder_version=&#8221;4.19.4&#8243; background_color=&#8221;RGBA(255,255,255,0)&#8221; custom_padding=&#8221;||0px|||&#8221; global_colors_info=&#8221;{}&#8221;][et_pb_column type=&#8221;1_2&#8243; _builder_version=&#8221;4.16&#8243; global_colors_info=&#8221;{}&#8221;][et_pb_image src=&#8221;https:\/\/test.ela-event.com\/wp-content\/uploads\/2021\/01\/widget-ELA-CS.jpg&#8221; title_text=&#8221;widget-ELA-CS&#8221; _builder_version=&#8221;4.19.4&#8243; global_colors_info=&#8221;{}&#8221;][\/et_pb_image][\/et_pb_column][et_pb_column type=&#8221;1_2&#8243; _builder_version=&#8221;4.16&#8243; custom_padding=&#8221;60px||&#8221; global_colors_info=&#8221;{}&#8221;][et_pb_text _builder_version=&#8221;4.23&#8243; text_font=&#8221;||||||||&#8221; header_font=&#8221;||||||||&#8221; header_2_font=&#8221;Poppins|600|||||||&#8221; header_2_font_size=&#8221;48px&#8221; header_2_line_height=&#8221;1.3em&#8221; header_2_font_size_tablet=&#8221;32px&#8221; header_2_font_size_phone=&#8221;22px&#8221; header_2_font_size_last_edited=&#8221;on|phone&#8221; locked=&#8221;off&#8221; global_colors_info=&#8221;{}&#8221;]<\/p>\n<h2><span style=\"color: #005d76;\">ELA en Bref<br \/><\/span><\/h2>\n<p>Implant\u00e9 \u00e0 Luxembourg, ELA International est cr\u00e9\u00e9 en 2015 pour f\u00e9d\u00e9rer l\u2019action de l\u2019ensemble des structures ELA et d\u00e9velopper la recherche. ELA International est pr\u00e9sent dans 7 pays : Allemagne, Belgique, Espagne, France, Italie, Luxembourg et Suisse, et r\u00e9unit des chercheurs du monde entier.<br \/><span style=\"color: #e71d73;\"><a style=\"color: #e71d73;\" href=\"https:\/\/elainternational.eu\/ela-international-en-bref\/\"><img loading=\"lazy\" decoding=\"async\" class=\"wp-image-4649 alignnone \" src=\"https:\/\/test.ela-event.com\/wp-content\/uploads\/2023\/10\/fleche.png\" alt=\"\" width=\"20\" height=\"15\" \/>\u00a0 Lire l&#8217;article<\/a><\/span><br \/><span style=\"color: #005d76;\"><img loading=\"lazy\" decoding=\"async\" class=\"wp-image-4607 alignnone size-medium\" src=\"https:\/\/test.ela-event.com\/wp-content\/uploads\/2023\/10\/surlignement-300x9.jpg\" alt=\"\" width=\"300\" height=\"9\" srcset=\"https:\/\/test.ela-event.com\/wp-content\/uploads\/2023\/10\/surlignement-300x9.jpg 300w, https:\/\/test.ela-event.com\/wp-content\/uploads\/2023\/10\/surlignement.jpg 391w\" sizes=\"auto, (max-width: 300px) 100vw, 300px\" \/><\/span><\/p>\n<p>[\/et_pb_text][\/et_pb_column][\/et_pb_row][et_pb_row column_structure=&#8221;1_2,1_2&#8243; _builder_version=&#8221;4.19.4&#8243; background_color=&#8221;RGBA(255,255,255,0)&#8221; custom_padding=&#8221;||0px|||&#8221; global_colors_info=&#8221;{}&#8221;][et_pb_column type=&#8221;1_2&#8243; _builder_version=&#8221;4.19.4&#8243; custom_padding=&#8221;60px||||false|false&#8221; global_colors_info=&#8221;{}&#8221;][et_pb_text _builder_version=&#8221;4.23&#8243; text_font=&#8221;||||||||&#8221; header_font=&#8221;||||||||&#8221; header_2_font=&#8221;Poppins|600|||||||&#8221; header_2_font_size=&#8221;48px&#8221; header_2_line_height=&#8221;1.3em&#8221; hover_enabled=&#8221;0&#8243; header_2_font_size_tablet=&#8221;32px&#8221; header_2_font_size_phone=&#8221;22px&#8221; header_2_font_size_last_edited=&#8221;on|phone&#8221; locked=&#8221;off&#8221; global_colors_info=&#8221;{}&#8221; sticky_enabled=&#8221;0&#8243;]<\/p>\n<h2><span style=\"color: #005d76;\">Maladies rares<\/span><\/h2>\n<p>\u00c0 l\u2019occasion de la Journ\u00e9e Internationale des Maladies Rares, ELA International a lanc\u00e9 une campagne d\u2019information sur les leucodystrophies et une collecte de dons. Toutes les antennes d\u2019ELA : Allemagne, Belgique, Espagne, France, Italie, Luxembourg et Suisse ont partag\u00e9 cette campagne\u2026 <a href=\"https:\/\/test.ela-event.com\/maladies-rares\/\">(+)<\/a><br \/><span style=\"color: #005d76;\"><img loading=\"lazy\" decoding=\"async\" class=\"wp-image-4607 alignnone size-medium\" src=\"https:\/\/test.ela-event.com\/wp-content\/uploads\/2023\/10\/surlignement-300x9.jpg\" alt=\"\" width=\"300\" height=\"9\" srcset=\"https:\/\/test.ela-event.com\/wp-content\/uploads\/2023\/10\/surlignement-300x9.jpg 300w, https:\/\/test.ela-event.com\/wp-content\/uploads\/2023\/10\/surlignement.jpg 391w\" sizes=\"auto, (max-width: 300px) 100vw, 300px\" \/><\/span><\/p>\n<p>[\/et_pb_text][\/et_pb_column][et_pb_column type=&#8221;1_2&#8243; _builder_version=&#8221;4.16&#8243; custom_padding=&#8221;60px||&#8221; global_colors_info=&#8221;{}&#8221;][et_pb_image src=&#8221;https:\/\/test.ela-event.com\/wp-content\/uploads\/2020\/03\/widget-maladies-rares.jpg&#8221; title_text=&#8221;widget maladies rares&#8221; _builder_version=&#8221;4.19.4&#8243; global_colors_info=&#8221;{}&#8221;][\/et_pb_image][\/et_pb_column][\/et_pb_row][et_pb_row column_structure=&#8221;1_2,1_2&#8243; _builder_version=&#8221;4.16&#8243; custom_padding=&#8221;||0px|||&#8221; global_colors_info=&#8221;{}&#8221;][et_pb_column type=&#8221;1_2&#8243; _builder_version=&#8221;4.16&#8243; global_colors_info=&#8221;{}&#8221;][et_pb_image src=&#8221;https:\/\/test.ela-event.com\/wp-content\/uploads\/2020\/03\/widget-zz-CF.jpg&#8221; title_text=&#8221;widget zz CF&#8221; _builder_version=&#8221;4.19.4&#8243; global_colors_info=&#8221;{}&#8221;][\/et_pb_image][\/et_pb_column][et_pb_column type=&#8221;1_2&#8243; _builder_version=&#8221;4.16&#8243; custom_padding=&#8221;60px||&#8221; global_colors_info=&#8221;{}&#8221;][et_pb_text _builder_version=&#8221;4.19.4&#8243; text_font=&#8221;||||||||&#8221; header_font=&#8221;||||||||&#8221; header_2_font=&#8221;Poppins|600|||||||&#8221; header_2_font_size=&#8221;48px&#8221; header_2_line_height=&#8221;1.3em&#8221; header_2_font_size_tablet=&#8221;32px&#8221; header_2_font_size_phone=&#8221;22px&#8221; header_2_font_size_last_edited=&#8221;on|phone&#8221; locked=&#8221;off&#8221; global_colors_info=&#8221;{}&#8221;]<\/p>\n<h2><span style=\"color: #005d76;\">Crystalfoot<\/span><\/h2>\n<p>Crystalfoot, une \u0153uvre d\u2019exception, un pied de cristal cr\u00e9\u00e9 par Baccarat pour ELA, \u00e0 partir de l\u2019empreinte humaniste de Zinedine Zidane, une s\u00e9rie limit\u00e9e de 100 exemplaires num\u00e9rot\u00e9s, afin de financer la recherche sur les leucodystrophies. (+)<br \/><span style=\"color: #005d76;\"><img loading=\"lazy\" decoding=\"async\" class=\"wp-image-4607 alignnone size-medium\" src=\"https:\/\/test.ela-event.com\/wp-content\/uploads\/2023\/10\/surlignement-300x9.jpg\" alt=\"\" width=\"300\" height=\"9\" srcset=\"https:\/\/test.ela-event.com\/wp-content\/uploads\/2023\/10\/surlignement-300x9.jpg 300w, https:\/\/test.ela-event.com\/wp-content\/uploads\/2023\/10\/surlignement.jpg 391w\" sizes=\"auto, (max-width: 300px) 100vw, 300px\" \/><\/span><\/p>\n<p>[\/et_pb_text][\/et_pb_column][\/et_pb_row][et_pb_row column_structure=&#8221;1_2,1_2&#8243; _builder_version=&#8221;4.19.4&#8243; custom_padding=&#8221;||0px|||&#8221; global_colors_info=&#8221;{}&#8221;][et_pb_column type=&#8221;1_2&#8243; _builder_version=&#8221;4.19.4&#8243; custom_padding=&#8221;60px||||false|false&#8221; global_colors_info=&#8221;{}&#8221;][et_pb_text _builder_version=&#8221;4.19.4&#8243; text_font=&#8221;||||||||&#8221; header_font=&#8221;||||||||&#8221; header_2_font=&#8221;Poppins|600|||||||&#8221; header_2_font_size=&#8221;48px&#8221; header_2_line_height=&#8221;1.3em&#8221; header_2_font_size_tablet=&#8221;32px&#8221; header_2_font_size_phone=&#8221;22px&#8221; header_2_font_size_last_edited=&#8221;on|phone&#8221; locked=&#8221;off&#8221; global_colors_info=&#8221;{}&#8221;]<\/p>\n<h2><span style=\"color: #005d76;\">Projets-essais<\/span><\/h2>\n<p>La recherche sur les leucodystrophies : lancement prochain de plusieurs essais cliniques prometteurs. (+)<br \/><span style=\"color: #005d76;\"><img loading=\"lazy\" decoding=\"async\" class=\"wp-image-4607 alignnone size-medium\" src=\"https:\/\/test.ela-event.com\/wp-content\/uploads\/2023\/10\/surlignement-300x9.jpg\" alt=\"\" width=\"300\" height=\"9\" srcset=\"https:\/\/test.ela-event.com\/wp-content\/uploads\/2023\/10\/surlignement-300x9.jpg 300w, https:\/\/test.ela-event.com\/wp-content\/uploads\/2023\/10\/surlignement.jpg 391w\" sizes=\"auto, (max-width: 300px) 100vw, 300px\" \/><\/span><\/p>\n<p>[\/et_pb_text][\/et_pb_column][et_pb_column type=&#8221;1_2&#8243; _builder_version=&#8221;4.16&#8243; custom_padding=&#8221;60px||&#8221; global_colors_info=&#8221;{}&#8221;][et_pb_image src=&#8221;https:\/\/test.ela-event.com\/wp-content\/uploads\/2020\/03\/widjet-essais2.jpg&#8221; title_text=&#8221;widjet essais2&#8243; _builder_version=&#8221;4.19.4&#8243; global_colors_info=&#8221;{}&#8221;][\/et_pb_image][\/et_pb_column][\/et_pb_row][et_pb_row _builder_version=&#8221;4.16&#8243; custom_padding=&#8221;||0px|||&#8221; global_colors_info=&#8221;{}&#8221;][et_pb_column type=&#8221;4_4&#8243; _builder_version=&#8221;4.16&#8243; global_colors_info=&#8221;{}&#8221;][et_pb_fh_post_carousel posts_number=&#8221;4&#8243; post_bg=&#8221;#ecf1f4&#8243; show_arrows=&#8221;off&#8221; show_pagination=&#8221;off&#8221; show_more_button=&#8221;off&#8221; excerpt_length=&#8221;0&#8243; show_meta=&#8221;off&#8221; autoplay=&#8221;off&#8221; carousel_items=&#8221;4&#8243; loop=&#8221;off&#8221; item_margin=&#8221;5&#8243; _builder_version=&#8221;4.23&#8243; _module_preset=&#8221;default&#8221; header_level=&#8221;h5&#8243; header_text_align=&#8221;center&#8221; global_colors_info=&#8221;{}&#8221;][\/et_pb_fh_post_carousel][\/et_pb_column][\/et_pb_row][\/et_pb_section]<\/p>\n","protected":false},"excerpt":{"rendered":"<p>ELA en Bref Implant\u00e9 \u00e0 Luxembourg, ELA International est cr\u00e9\u00e9 en 2015 pour f\u00e9d\u00e9rer l\u2019action de l\u2019ensemble des structures ELA et d\u00e9velopper la recherche. ELA International est pr\u00e9sent dans 7 pays : Allemagne, Belgique, Espagne, France, Italie, Luxembourg et Suisse, et r\u00e9unit des chercheurs du monde entier.\u00a0 Lire l&#8217;articleMaladies rares \u00c0 l\u2019occasion de la Journ\u00e9e [&hellip;]<\/p>\n","protected":false},"author":4,"featured_media":0,"parent":0,"menu_order":0,"comment_status":"closed","ping_status":"closed","template":"","meta":{"_et_pb_use_builder":"on","_et_pb_old_content":"","_et_gb_content_width":"","disable_featured_image":false,"footnotes":""},"class_list":["post-4497","page","type-page","status-publish","hentry"],"rttpg_featured_image_url":null,"rttpg_author":{"display_name":"Patrick STEINMETZ","author_link":"https:\/\/test.ela-event.com\/en\/author\/patrick\/"},"rttpg_comment":0,"rttpg_category":null,"rttpg_excerpt":"ELA en Bref Implant\u00e9 \u00e0 Luxembourg, ELA International est cr\u00e9\u00e9 en 2015 pour f\u00e9d\u00e9rer l\u2019action de l\u2019ensemble des structures ELA et d\u00e9velopper la recherche. ELA International est pr\u00e9sent dans 7 pays : Allemagne, Belgique, Espagne, France, Italie, Luxembourg et Suisse, et r\u00e9unit des chercheurs du monde entier.\u00a0 Lire l'articleMaladies rares \u00c0 l\u2019occasion de la Journ\u00e9e&hellip;","_links":{"self":[{"href":"https:\/\/test.ela-event.com\/en\/wp-json\/wp\/v2\/pages\/4497","targetHints":{"allow":["GET"]}}],"collection":[{"href":"https:\/\/test.ela-event.com\/en\/wp-json\/wp\/v2\/pages"}],"about":[{"href":"https:\/\/test.ela-event.com\/en\/wp-json\/wp\/v2\/types\/page"}],"author":[{"embeddable":true,"href":"https:\/\/test.ela-event.com\/en\/wp-json\/wp\/v2\/users\/4"}],"replies":[{"embeddable":true,"href":"https:\/\/test.ela-event.com\/en\/wp-json\/wp\/v2\/comments?post=4497"}],"version-history":[{"count":64,"href":"https:\/\/test.ela-event.com\/en\/wp-json\/wp\/v2\/pages\/4497\/revisions"}],"predecessor-version":[{"id":4657,"href":"https:\/\/test.ela-event.com\/en\/wp-json\/wp\/v2\/pages\/4497\/revisions\/4657"}],"wp:attachment":[{"href":"https:\/\/test.ela-event.com\/en\/wp-json\/wp\/v2\/media?parent=4497"}],"curies":[{"name":"wp","href":"https:\/\/api.w.org\/{rel}","templated":true}]}}