{"id":4189,"date":"2022-05-12T09:24:40","date_gmt":"2022-05-12T07:24:40","guid":{"rendered":"https:\/\/elainternational.eu\/?page_id=4189"},"modified":"2022-05-12T12:37:12","modified_gmt":"2022-05-12T10:37:12","slug":"messagerie-leuconnect","status":"publish","type":"page","link":"https:\/\/test.ela-event.com\/en\/messagerie-leuconnect\/","title":{"rendered":"D\u00e9couvrez la messagerie de Leuconnect"},"content":{"rendered":"<p>La messagerie de Leuconnect vous permet de communiquer entre vous en toute s\u00e9curit\u00e9 et confidentialit\u00e9 en t\u00e9moignant et en partageant votre exp\u00e9rience du \u00ab vivre avec la maladie \u00bb.<\/p>\n<p>Que vous soyez une famille d\u2019ELA depuis quelques ann\u00e9es ou une nouvelle famille concern\u00e9e par une leucodystrophie, vous recevez et transmettez des connaissances.<\/p>\n<p><span style=\"color: #e71d73;\"><strong>D\u00e9couvrez la messagerie de Leuconnect en vid\u00e9o :<br \/>\n<\/strong><\/span><a href=\"https:\/\/youtu.be\/bqk1OYqH9og\" target=\"_blank\" rel=\"noopener\"><img loading=\"lazy\" decoding=\"async\" class=\"alignnone wp-image-4120 size-full\" src=\"https:\/\/elainternational.eu\/wp-content\/uploads\/2021\/01\/lang_FR.png\" alt=\"Messagerie Leuconnect en vid\u00e9o\" width=\"106\" height=\"60\" \/><\/a><\/p>\n","protected":false},"excerpt":{"rendered":"<p>La messagerie de Leuconnect vous permet de communiquer entre vous en toute s\u00e9curit\u00e9 et confidentialit\u00e9 en t\u00e9moignant et en partageant votre exp\u00e9rience du \u00ab vivre avec la maladie \u00bb. Que vous soyez une famille d\u2019ELA depuis quelques ann\u00e9es ou une nouvelle famille concern\u00e9e par une leucodystrophie, vous recevez et transmettez des connaissances. D\u00e9couvrez la messagerie [&hellip;]<\/p>\n","protected":false},"author":2,"featured_media":0,"parent":0,"menu_order":0,"comment_status":"closed","ping_status":"closed","template":"","meta":{"_et_pb_use_builder":"","_et_pb_old_content":"","_et_gb_content_width":"","disable_featured_image":false,"footnotes":""},"class_list":["post-4189","page","type-page","status-publish","hentry"],"rttpg_featured_image_url":null,"rttpg_author":{"display_name":"Herv\u00e9 PIERRAT","author_link":"https:\/\/test.ela-event.com\/en\/author\/herve\/"},"rttpg_comment":0,"rttpg_category":null,"rttpg_excerpt":"La messagerie de Leuconnect vous permet de communiquer entre vous en toute s\u00e9curit\u00e9 et confidentialit\u00e9 en t\u00e9moignant et en partageant votre exp\u00e9rience du \u00ab vivre avec la maladie \u00bb. Que vous soyez une famille d\u2019ELA depuis quelques ann\u00e9es ou une nouvelle famille concern\u00e9e par une leucodystrophie, vous recevez et transmettez des connaissances. D\u00e9couvrez la messagerie&hellip;","_links":{"self":[{"href":"https:\/\/test.ela-event.com\/en\/wp-json\/wp\/v2\/pages\/4189","targetHints":{"allow":["GET"]}}],"collection":[{"href":"https:\/\/test.ela-event.com\/en\/wp-json\/wp\/v2\/pages"}],"about":[{"href":"https:\/\/test.ela-event.com\/en\/wp-json\/wp\/v2\/types\/page"}],"author":[{"embeddable":true,"href":"https:\/\/test.ela-event.com\/en\/wp-json\/wp\/v2\/users\/2"}],"replies":[{"embeddable":true,"href":"https:\/\/test.ela-event.com\/en\/wp-json\/wp\/v2\/comments?post=4189"}],"version-history":[{"count":5,"href":"https:\/\/test.ela-event.com\/en\/wp-json\/wp\/v2\/pages\/4189\/revisions"}],"predecessor-version":[{"id":4196,"href":"https:\/\/test.ela-event.com\/en\/wp-json\/wp\/v2\/pages\/4189\/revisions\/4196"}],"wp:attachment":[{"href":"https:\/\/test.ela-event.com\/en\/wp-json\/wp\/v2\/media?parent=4189"}],"curies":[{"name":"wp","href":"https:\/\/api.w.org\/{rel}","templated":true}]}}