{"id":288,"date":"2019-01-17T11:07:02","date_gmt":"2019-01-17T10:07:02","guid":{"rendered":"http:\/\/elainternational.eu\/?page_id=288"},"modified":"2021-05-17T10:23:46","modified_gmt":"2021-05-17T08:23:46","slug":"centre-de-reference-des-maladies-neurogenetiques-de-lenfant-et-de-ladulte","status":"publish","type":"page","link":"https:\/\/test.ela-event.com\/en\/centre-de-reference-des-maladies-neurogenetiques-de-lenfant-et-de-ladulte\/","title":{"rendered":"Reference Center for Neurogenetic Diseases in Children and Adults"},"content":{"rendered":"<h3><span style=\"color: #e3158a;\">Coordinator<\/span><\/h3>\n<p>Pr Alexis Brice<\/p>\n<h3><span style=\"color: #e3158a;\">Affected diseases<\/span><\/h3>\n<p>All leukodystrophies and in particular Pelizaeus-Merzbacher disease, hypomyelinating leukodystrophies, CACH syndrome, megalencephalic cystic leukodystrophy (MLC), Alexander disease and cavitary leukodystrophies, Aicardi-Gouti\u00e8res syndrome.<\/p>\n<h3><span style=\"color: #e3158a;\">Neuropediatrician<\/span><\/h3>\n<p>Pr Diana Rodriguez<\/p>\n<h3><span style=\"color: #e3158a;\">Geneticist<\/span><\/h3>\n<p>Dr Lydie Burglen<\/p>\n<h3><span style=\"color: #e3158a;\">Contact information<\/span><\/h3>\n<p>H\u00f4pital Armand Trousseau<br \/>\nService de Neurop\u00e9diatrie<br \/>\nPathologie du D\u00e9veloppement<br \/>\n26, avenue du Docteur Arnold Netter<br \/>\n75012 Paris, France<br \/>\nPhone: +33 (0) 1 44 73 61 41<br \/>\nFor more information, visit the website of the <a href=\"http:\/\/crng.org\/public\/index.php\" target=\"_blank\" rel=\"noopener\">Reference Center for Neurogenetic Diseases in Children and Adults<\/a><\/p>\n","protected":false},"excerpt":{"rendered":"<p>Coordinator Pr Alexis Brice Affected diseases All leukodystrophies and in particular Pelizaeus-Merzbacher disease, hypomyelinating leukodystrophies, CACH syndrome, megalencephalic cystic leukodystrophy (MLC), Alexander disease and cavitary leukodystrophies, Aicardi-Gouti\u00e8res syndrome. Neuropediatrician Pr Diana Rodriguez Geneticist Dr Lydie Burglen Contact information H\u00f4pital Armand Trousseau Service de Neurop\u00e9diatrie Pathologie du D\u00e9veloppement 26, avenue du Docteur Arnold Netter 75012 Paris, [&hellip;]<\/p>\n","protected":false},"author":2,"featured_media":0,"parent":0,"menu_order":0,"comment_status":"closed","ping_status":"closed","template":"","meta":{"_et_pb_use_builder":"","_et_pb_old_content":"","_et_gb_content_width":"","disable_featured_image":false,"footnotes":""},"class_list":["post-288","page","type-page","status-publish","hentry"],"rttpg_featured_image_url":null,"rttpg_author":{"display_name":"Herv\u00e9 PIERRAT","author_link":"https:\/\/test.ela-event.com\/en\/author\/herve\/"},"rttpg_comment":0,"rttpg_category":null,"rttpg_excerpt":"Coordinator Pr Alexis Brice Affected diseases All leukodystrophies and in particular Pelizaeus-Merzbacher disease, hypomyelinating leukodystrophies, CACH syndrome, megalencephalic cystic leukodystrophy (MLC), Alexander disease and cavitary leukodystrophies, Aicardi-Gouti\u00e8res syndrome. Neuropediatrician Pr Diana Rodriguez Geneticist Dr Lydie Burglen Contact information H\u00f4pital Armand Trousseau Service de Neurop\u00e9diatrie Pathologie du D\u00e9veloppement 26, avenue du Docteur Arnold Netter 75012 Paris,&hellip;","_links":{"self":[{"href":"https:\/\/test.ela-event.com\/en\/wp-json\/wp\/v2\/pages\/288","targetHints":{"allow":["GET"]}}],"collection":[{"href":"https:\/\/test.ela-event.com\/en\/wp-json\/wp\/v2\/pages"}],"about":[{"href":"https:\/\/test.ela-event.com\/en\/wp-json\/wp\/v2\/types\/page"}],"author":[{"embeddable":true,"href":"https:\/\/test.ela-event.com\/en\/wp-json\/wp\/v2\/users\/2"}],"replies":[{"embeddable":true,"href":"https:\/\/test.ela-event.com\/en\/wp-json\/wp\/v2\/comments?post=288"}],"version-history":[{"count":4,"href":"https:\/\/test.ela-event.com\/en\/wp-json\/wp\/v2\/pages\/288\/revisions"}],"predecessor-version":[{"id":2903,"href":"https:\/\/test.ela-event.com\/en\/wp-json\/wp\/v2\/pages\/288\/revisions\/2903"}],"wp:attachment":[{"href":"https:\/\/test.ela-event.com\/en\/wp-json\/wp\/v2\/media?parent=288"}],"curies":[{"name":"wp","href":"https:\/\/api.w.org\/{rel}","templated":true}]}}