{"id":282,"date":"2019-01-17T11:05:44","date_gmt":"2019-01-17T10:05:44","guid":{"rendered":"http:\/\/elainternational.eu\/?page_id=282"},"modified":"2021-05-17T10:26:00","modified_gmt":"2021-05-17T08:26:00","slug":"centre-de-reference-des-leucodystrophies-a-robert-debre","status":"publish","type":"page","link":"https:\/\/test.ela-event.com\/en\/centre-de-reference-des-leucodystrophies-a-robert-debre\/","title":{"rendered":"Reference Centre for Leukodystrophies in Robert-Debr\u00e9"},"content":{"rendered":"<p>Leukodystrophies concerned: All leukodystrophies and in particular Pelizaeus-Merzbacher disease (PMD), hypomyelinating leukodystrophies, CACH syndrome, megalencephalic cystic leukodystrophy (MLC), Alexander disease and cavitary leukodystrophies, Aicardi-Gystrophic syndrome, Aicardi-Gystrophy B and dominant leukodystrophies.<\/p>\n<p>H\u00f4pital Robert-Debr\u00e9<br \/>\nGroupement Hospitalier Universitaire Nord<br \/>\n48, boulevard S\u00e9rurier<br \/>\n75019 Paris, France<\/p>\n<hr \/>\n<p>Phone contact :<br \/>\nMonday, Tuesday, Wednesday (8 am-8pm): 01 40 03 40 20<br \/>\nfrom Thursday to Sunday included: 04 73 71 53 05<br \/>\nHOTLINE: 06 31 73 93 52<br \/>\nFax: 01 40 03 47 74<br \/>\nE-mail : <a href=\"mailto:marie-louise.vendeville@rdb.aphp.fr\">marie-louise.vendeville@rdb.aphp.fr<\/a><\/p>\n<hr \/>\n<p>Coordinator: Pr Odile Boespflug-Tanguy<br \/>\nNeuropediatricians: Pr Odile Boespflug-Tanguy, Dr Sandrine Passemard<br \/>\nParamedical coordinator: Marie Louise Vendeville<br \/>\nSecretary: Christelle Lanista<br \/>\nNursery manager: V\u00e9ronique Maestracci<br \/>\nNeuropsychologists: Jessica Save, Marion Barget<br \/>\nSocial worker: Sandra Lecerf<br \/>\nPhysiotherapy: David Marteil, Emilie Soulier, Christine Hamel<br \/>\nOpthalmology: Dr Eliane Delouvrier, Dr H\u00e9l\u00e8ne Dallens<br \/>\nOrthopsy: Marie Sol\u00e9<br \/>\nNeurophysiology: Dr Catherine Delanoe, Dr Tarif Masri<br \/>\nImaging: Dr Monique Elmaleh, Dr Bogdana Tilea<br \/>\nENT: Prof. Thierry Van den Abbeele<\/p>\n","protected":false},"excerpt":{"rendered":"<p>Leukodystrophies concerned: All leukodystrophies and in particular Pelizaeus-Merzbacher disease (PMD), hypomyelinating leukodystrophies, CACH syndrome, megalencephalic cystic leukodystrophy (MLC), Alexander disease and cavitary leukodystrophies, Aicardi-Gystrophic syndrome, Aicardi-Gystrophy B and dominant leukodystrophies. H\u00f4pital Robert-Debr\u00e9 Groupement Hospitalier Universitaire Nord 48, boulevard S\u00e9rurier 75019 Paris, France Phone contact : Monday, Tuesday, Wednesday (8 am-8pm): 01 40 03 40 20 [&hellip;]<\/p>\n","protected":false},"author":2,"featured_media":0,"parent":0,"menu_order":0,"comment_status":"closed","ping_status":"closed","template":"","meta":{"_et_pb_use_builder":"","_et_pb_old_content":"","_et_gb_content_width":"","disable_featured_image":false,"footnotes":""},"class_list":["post-282","page","type-page","status-publish","hentry"],"rttpg_featured_image_url":null,"rttpg_author":{"display_name":"Herv\u00e9 PIERRAT","author_link":"https:\/\/test.ela-event.com\/en\/author\/herve\/"},"rttpg_comment":0,"rttpg_category":null,"rttpg_excerpt":"Leukodystrophies concerned: All leukodystrophies and in particular Pelizaeus-Merzbacher disease (PMD), hypomyelinating leukodystrophies, CACH syndrome, megalencephalic cystic leukodystrophy (MLC), Alexander disease and cavitary leukodystrophies, Aicardi-Gystrophic syndrome, Aicardi-Gystrophy B and dominant leukodystrophies. H\u00f4pital Robert-Debr\u00e9 Groupement Hospitalier Universitaire Nord 48, boulevard S\u00e9rurier 75019 Paris, France Phone contact : Monday, Tuesday, Wednesday (8 am-8pm): 01 40 03 40 20&hellip;","_links":{"self":[{"href":"https:\/\/test.ela-event.com\/en\/wp-json\/wp\/v2\/pages\/282","targetHints":{"allow":["GET"]}}],"collection":[{"href":"https:\/\/test.ela-event.com\/en\/wp-json\/wp\/v2\/pages"}],"about":[{"href":"https:\/\/test.ela-event.com\/en\/wp-json\/wp\/v2\/types\/page"}],"author":[{"embeddable":true,"href":"https:\/\/test.ela-event.com\/en\/wp-json\/wp\/v2\/users\/2"}],"replies":[{"embeddable":true,"href":"https:\/\/test.ela-event.com\/en\/wp-json\/wp\/v2\/comments?post=282"}],"version-history":[{"count":2,"href":"https:\/\/test.ela-event.com\/en\/wp-json\/wp\/v2\/pages\/282\/revisions"}],"predecessor-version":[{"id":2904,"href":"https:\/\/test.ela-event.com\/en\/wp-json\/wp\/v2\/pages\/282\/revisions\/2904"}],"wp:attachment":[{"href":"https:\/\/test.ela-event.com\/en\/wp-json\/wp\/v2\/media?parent=282"}],"curies":[{"name":"wp","href":"https:\/\/api.w.org\/{rel}","templated":true}]}}