{"id":277,"date":"2019-01-17T11:04:54","date_gmt":"2019-01-17T10:04:54","guid":{"rendered":"http:\/\/elainternational.eu\/?page_id=277"},"modified":"2021-05-17T10:27:23","modified_gmt":"2021-05-17T08:27:23","slug":"centre-de-reference-des-leucodystrophies-a-bicetre","status":"publish","type":"page","link":"https:\/\/test.ela-event.com\/en\/centre-de-reference-des-leucodystrophies-a-bicetre\/","title":{"rendered":"Reference Center for Leukodystrophies in Bic\u00eatre"},"content":{"rendered":"<p>Leukodystrophies concerned: All leukodystrophies and in particular adrenoleukodystrophy (ALD), adrenomyeloneuropathy (AMN), metachromatic leukodystrophy (MLD), Krabbe disease (GLD) and Canavan disease.<\/p>\n<p>H\u00f4pital Bic\u00eatre Paris Sud<br \/>\nServices de Neurologie et d\u2019Endocrinologie P\u00e9diatriques<br \/>\n78, rue du G\u00e9n\u00e9ral Leclerc<br \/>\n94275 Le Kremlin Bic\u00eatre, France<\/p>\n<hr \/>\n<p>Medical secretary: +33 1 45 21 31 12<\/p>\n<hr \/>\n<p>Consultations in Pediatric Neurology or Neurology<br \/>\n\u2022 with Drs Sevin, Bellesme and Lagneaux: +33 1 45 21 31 32 \/ +33 1 45 21 37 17<br \/>\n\u2022 with le Pr Aubourg : +33 1 45 21 31 12<\/p>\n<hr \/>\n<p>Endocrinology consultations: +33 1 45 21 78 31<\/p>\n<hr \/>\n<p>Hospitalisations and medical emergencies: +33 1 45 21 32 34 \/ +33 1 45 21 32 35<\/p>\n<hr \/>\n<p>Appointment for an EEG: +33 1 45 21 32 25 \/ +33 1 45 21 32 26<br \/>\nNeuropediatricians: Pr Patrick Aubourg, Dr C\u00e9line Bellesme, Dr Caroline Sevin<br \/>\nNurse: Fabienne Rousseau<br \/>\nMedical secretary: Genevi\u00e8ve Leclerc<br \/>\nHospital secretary: Ad\u00e8le Ophelt\u00e8s<br \/>\nELA psychologist: Marie-Claude Blondeau<br \/>\nNeuropsychologist: Cl\u00e9mence Lalande<br \/>\nSocial worker: Marie-Claude Lupter<br \/>\nDietitian: Brigitte Merle<\/p>\n","protected":false},"excerpt":{"rendered":"<p>Leukodystrophies concerned: All leukodystrophies and in particular adrenoleukodystrophy (ALD), adrenomyeloneuropathy (AMN), metachromatic leukodystrophy (MLD), Krabbe disease (GLD) and Canavan disease. H\u00f4pital Bic\u00eatre Paris Sud Services de Neurologie et d\u2019Endocrinologie P\u00e9diatriques 78, rue du G\u00e9n\u00e9ral Leclerc 94275 Le Kremlin Bic\u00eatre, France Medical secretary: +33 1 45 21 31 12 Consultations in Pediatric Neurology or Neurology \u2022 [&hellip;]<\/p>\n","protected":false},"author":2,"featured_media":0,"parent":0,"menu_order":0,"comment_status":"closed","ping_status":"closed","template":"","meta":{"_et_pb_use_builder":"","_et_pb_old_content":"","_et_gb_content_width":"","disable_featured_image":false,"footnotes":""},"class_list":["post-277","page","type-page","status-publish","hentry"],"rttpg_featured_image_url":null,"rttpg_author":{"display_name":"Herv\u00e9 PIERRAT","author_link":"https:\/\/test.ela-event.com\/en\/author\/herve\/"},"rttpg_comment":0,"rttpg_category":null,"rttpg_excerpt":"Leukodystrophies concerned: All leukodystrophies and in particular adrenoleukodystrophy (ALD), adrenomyeloneuropathy (AMN), metachromatic leukodystrophy (MLD), Krabbe disease (GLD) and Canavan disease. H\u00f4pital Bic\u00eatre Paris Sud Services de Neurologie et d\u2019Endocrinologie P\u00e9diatriques 78, rue du G\u00e9n\u00e9ral Leclerc 94275 Le Kremlin Bic\u00eatre, France Medical secretary: +33 1 45 21 31 12 Consultations in Pediatric Neurology or Neurology \u2022&hellip;","_links":{"self":[{"href":"https:\/\/test.ela-event.com\/en\/wp-json\/wp\/v2\/pages\/277","targetHints":{"allow":["GET"]}}],"collection":[{"href":"https:\/\/test.ela-event.com\/en\/wp-json\/wp\/v2\/pages"}],"about":[{"href":"https:\/\/test.ela-event.com\/en\/wp-json\/wp\/v2\/types\/page"}],"author":[{"embeddable":true,"href":"https:\/\/test.ela-event.com\/en\/wp-json\/wp\/v2\/users\/2"}],"replies":[{"embeddable":true,"href":"https:\/\/test.ela-event.com\/en\/wp-json\/wp\/v2\/comments?post=277"}],"version-history":[{"count":2,"href":"https:\/\/test.ela-event.com\/en\/wp-json\/wp\/v2\/pages\/277\/revisions"}],"predecessor-version":[{"id":2905,"href":"https:\/\/test.ela-event.com\/en\/wp-json\/wp\/v2\/pages\/277\/revisions\/2905"}],"wp:attachment":[{"href":"https:\/\/test.ela-event.com\/en\/wp-json\/wp\/v2\/media?parent=277"}],"curies":[{"name":"wp","href":"https:\/\/api.w.org\/{rel}","templated":true}]}}