{"id":220,"date":"2019-01-17T10:21:47","date_gmt":"2019-01-17T09:21:47","guid":{"rendered":"http:\/\/elainternational.eu\/?page_id=220"},"modified":"2021-05-17T10:21:08","modified_gmt":"2021-05-17T08:21:08","slug":"les-centres-experts","status":"publish","type":"page","link":"https:\/\/test.ela-event.com\/en\/les-centres-experts\/","title":{"rendered":"The expert centers"},"content":{"rendered":"<h2><span style=\"color: #e3158a;\">The centres of expertise:<\/span><\/h2>\n<div class=\"contenuTexte\">\n<p>The reference centres are entities labeled by the Ministry of Health, bringing together highly specialised medical and paramedical skills for comprehensive management of rare diseases as perthe patient&#8217;s needs.<\/p>\n<h3><span style=\"color: #e3158a;\">Their missions:<\/span><\/h3>\n<ul>\n<li>Define a strategy for therapeutic, psychological and social support<\/li>\n<li>Ensure the information and training of the patient and their family<\/li>\n<li>Guide and coordinate non-specialised health professionals participating in the close care of the patient by informing and training them on the pathology and its management<\/li>\n<li>Participate in the epidemiological surveillance of the disease, the promotion and coordination of research and therapeutic trials<\/li>\n<li>Participate in the establishment of good professional practices concerning the disease in conjunction with national and international teams working in the same field<\/li>\n<li>Participate in the dissemination and monitoring of orphan therapies and devices<\/li>\n<li>Enable coordination between centers dealing with the same group of pathologies<\/li>\n<li>To be the interlocutor of administrative authorities and patient associations to improve the care and quality of life of the patient and their family<\/li>\n<\/ul>\n<h3><span style=\"color: #e3158a;\">Reference centres<\/span><\/h3>\n<table style=\"height: 559px;\" width=\"857\">\n<tbody>\n<tr>\n<td width=\"48\"><strong><span style=\"color: #e3158a;\">Pays<\/span><\/strong><\/td>\n<td width=\"57\">Villes<\/td>\n<td width=\"85\"><span style=\"color: #e3158a;\">Centres<\/span><\/td>\n<td width=\"227\">Sp\u00e9cialit\u00e9s<\/td>\n<td width=\"47\"><\/td>\n<\/tr>\n<tr>\n<td width=\"48\"><strong><span style=\"color: #e3158a;\">France<\/span><\/strong><\/td>\n<td width=\"57\">Le Kremlin Bic\u00eatre<\/td>\n<td width=\"85\"><span style=\"color: #e3158a;\">Centre de R\u00e9f\u00e9rence des Leucodystrophies \u00e0 Bic\u00eatre<\/span><\/td>\n<td width=\"227\">Adr\u00e9noleucodystrophie (ALD), adr\u00e9nomy\u00e9loneuropathie (AMN), leucodystrophie m\u00e9tachromatique (MLD), maladie de Krabbe (GLD) et maladie de Canavan<\/td>\n<td width=\"47\"><a href=\"http:\/\/elainternational.eu\/centre-de-reference-des-leucodystrophies-a-bicetre\/\"><em><span style=\"color: #e3158a;\"><span style=\"text-decoration: underline;\">D\u00e9tail du centre<\/span><\/span><\/em><\/a><\/td>\n<\/tr>\n<tr>\n<td width=\"48\"><strong><span style=\"color: #e3158a;\">France<\/span><\/strong><\/td>\n<td width=\"57\">Paris<\/td>\n<td width=\"85\"><span style=\"color: #e3158a;\">Centre de R\u00e9f\u00e9rence des Leucodystrophies \u00e0 Robert-Debr\u00e9<\/span><\/td>\n<td width=\"227\">Maladie de Pelizaeus-Merzbacher (PMD), leucodystrophies hypomy\u00e9linisantes, Syndrome CACH, leucodystrophie m\u00e9galenc\u00e9phalique kystique (MLC), maladie d\u2019Alexander et leucodystrophies cavitaires, syndrome d\u2019Aicardi-Gouti\u00e8res, leucodystrophies vasculaires, lamine B et leucodystrophies dominantes<\/td>\n<td width=\"47\"><em><span style=\"color: #e3158a;\"><a href=\"http:\/\/elainternational.eu\/centre-de-reference-des-leucodystrophies-a-robert-debre\/\" target=\"_blank\" rel=\"noopener\"><span style=\"text-decoration: underline;\">D\u00e9tail du centre<\/span><\/a><\/span><\/em><\/td>\n<\/tr>\n<tr>\n<td width=\"48\"><span style=\"color: #e3158a;\"><strong>France<\/strong><\/span><\/td>\n<td width=\"57\">Paris<\/td>\n<td width=\"85\"><span style=\"color: #e3158a;\">Centre de R\u00e9f\u00e9rence des Maladies Neurog\u00e9n\u00e9tiques de l&#8217;Enfant et de l&#8217;Adulte<\/span><\/td>\n<td width=\"227\">Maladie de Pelizaeus-Merzbacher, leucodystrophies hypomy\u00e9linisantes, Syndrome CACH, leucodystrophie m\u00e9galenc\u00e9phalique kystique (MLC), maladie d&#8217;Alexander et leucodystrophies cavitaires, syndrome d&#8217;Aicardi-Gouti\u00e8res<\/td>\n<td width=\"47\"><a href=\"http:\/\/elainternational.eu\/centre-de-reference-des-maladies-neurogenetiques-de-lenfant-et-de-ladulte\/\"><span style=\"text-decoration: underline;\"><em><span style=\"color: #e3158a; text-decoration: underline;\">D\u00e9tail du centre<\/span><\/em><\/span><\/a><\/td>\n<\/tr>\n<\/tbody>\n<\/table>\n<p>&nbsp;<\/p>\n<\/div>\n","protected":false},"excerpt":{"rendered":"<p>The centres of expertise: The reference centres are entities labeled by the Ministry of Health, bringing together highly specialised medical and paramedical skills for comprehensive management of rare diseases as perthe patient&#8217;s needs. Their missions: Define a strategy for therapeutic, psychological and social support Ensure the information and training of the patient and their family [&hellip;]<\/p>\n","protected":false},"author":2,"featured_media":296,"parent":0,"menu_order":0,"comment_status":"closed","ping_status":"closed","template":"","meta":{"_et_pb_use_builder":"","_et_pb_old_content":"","_et_gb_content_width":"","disable_featured_image":false,"footnotes":""},"class_list":["post-220","page","type-page","status-publish","has-post-thumbnail","hentry"],"rttpg_featured_image_url":{"full":["https:\/\/test.ela-event.com\/wp-content\/uploads\/2019\/01\/image-32.png",200,200,false],"landscape":["https:\/\/test.ela-event.com\/wp-content\/uploads\/2019\/01\/image-32.png",200,200,false],"portraits":["https:\/\/test.ela-event.com\/wp-content\/uploads\/2019\/01\/image-32.png",200,200,false],"thumbnail":["https:\/\/test.ela-event.com\/wp-content\/uploads\/2019\/01\/image-32-150x150.png",150,150,true],"medium":["https:\/\/test.ela-event.com\/wp-content\/uploads\/2019\/01\/image-32.png",200,200,false],"large":["https:\/\/test.ela-event.com\/wp-content\/uploads\/2019\/01\/image-32.png",200,200,false],"1536x1536":["https:\/\/test.ela-event.com\/wp-content\/uploads\/2019\/01\/image-32.png",200,200,false],"2048x2048":["https:\/\/test.ela-event.com\/wp-content\/uploads\/2019\/01\/image-32.png",200,200,false],"et-pb-post-main-image":["https:\/\/test.ela-event.com\/wp-content\/uploads\/2019\/01\/image-32.png",200,200,false],"et-pb-post-main-image-fullwidth":["https:\/\/test.ela-event.com\/wp-content\/uploads\/2019\/01\/image-32.png",200,200,false],"et-pb-portfolio-image":["https:\/\/test.ela-event.com\/wp-content\/uploads\/2019\/01\/image-32.png",200,200,false],"et-pb-portfolio-module-image":["https:\/\/test.ela-event.com\/wp-content\/uploads\/2019\/01\/image-32.png",200,200,false],"et-pb-portfolio-image-single":["https:\/\/test.ela-event.com\/wp-content\/uploads\/2019\/01\/image-32.png",200,200,false],"et-pb-gallery-module-image-portrait":["https:\/\/test.ela-event.com\/wp-content\/uploads\/2019\/01\/image-32.png",200,200,false],"et-pb-post-main-image-fullwidth-large":["https:\/\/test.ela-event.com\/wp-content\/uploads\/2019\/01\/image-32.png",200,200,false],"et-pb-image--responsive--desktop":["https:\/\/test.ela-event.com\/wp-content\/uploads\/2019\/01\/image-32.png",200,200,false],"et-pb-image--responsive--tablet":["https:\/\/test.ela-event.com\/wp-content\/uploads\/2019\/01\/image-32.png",200,200,false],"et-pb-image--responsive--phone":["https:\/\/test.ela-event.com\/wp-content\/uploads\/2019\/01\/image-32.png",200,200,false]},"rttpg_author":{"display_name":"Herv\u00e9 PIERRAT","author_link":"https:\/\/test.ela-event.com\/en\/author\/herve\/"},"rttpg_comment":0,"rttpg_category":null,"rttpg_excerpt":"The centres of expertise: The reference centres are entities labeled by the Ministry of Health, bringing together highly specialised medical and paramedical skills for comprehensive management of rare diseases as perthe patient&#8217;s needs. Their missions: Define a strategy for therapeutic, psychological and social support Ensure the information and training of the patient and their family&hellip;","_links":{"self":[{"href":"https:\/\/test.ela-event.com\/en\/wp-json\/wp\/v2\/pages\/220","targetHints":{"allow":["GET"]}}],"collection":[{"href":"https:\/\/test.ela-event.com\/en\/wp-json\/wp\/v2\/pages"}],"about":[{"href":"https:\/\/test.ela-event.com\/en\/wp-json\/wp\/v2\/types\/page"}],"author":[{"embeddable":true,"href":"https:\/\/test.ela-event.com\/en\/wp-json\/wp\/v2\/users\/2"}],"replies":[{"embeddable":true,"href":"https:\/\/test.ela-event.com\/en\/wp-json\/wp\/v2\/comments?post=220"}],"version-history":[{"count":10,"href":"https:\/\/test.ela-event.com\/en\/wp-json\/wp\/v2\/pages\/220\/revisions"}],"predecessor-version":[{"id":2901,"href":"https:\/\/test.ela-event.com\/en\/wp-json\/wp\/v2\/pages\/220\/revisions\/2901"}],"wp:featuredmedia":[{"embeddable":true,"href":"https:\/\/test.ela-event.com\/en\/wp-json\/wp\/v2\/media\/296"}],"wp:attachment":[{"href":"https:\/\/test.ela-event.com\/en\/wp-json\/wp\/v2\/media?parent=220"}],"curies":[{"name":"wp","href":"https:\/\/api.w.org\/{rel}","templated":true}]}}